{"id":67,"date":"2018-07-12T22:18:38","date_gmt":"2018-07-12T20:18:38","guid":{"rendered":"http:\/\/florian-pleszew.pl\/?page_id=67"},"modified":"2022-04-13T14:36:27","modified_gmt":"2022-04-13T12:36:27","slug":"kontakt","status":"publish","type":"page","link":"https:\/\/florian-pleszew.pl\/?page_id=67","title":{"rendered":"Kontakt"},"content":{"rendered":"<p><strong>ul.Kopernika 4<\/strong><br \/>\n<strong>63-300 Pleszew<\/strong><br \/>\n<strong>tel. +48 62 742 15 14 czynny tylko w godzinach biura parafialnego\u00a0\u00a0 502 389701<br \/>\n<\/strong><\/p>\n<p><span style=\"color: #ff0000;\"><strong>Konto bankowe 75 1020 2212 0000 5902 0095 2721 tutaj mo\u017cemy wp\u0142aci\u0107 pieni\u0105dze<\/strong><\/span><\/p>\n<p><span style=\"color: #ff0000;\"><strong>Proboszcz: tel. kom. +48 502 389 701<\/strong><\/span><\/p>\n<p><span style=\"color: #ff0000;\"><strong>Biuro parafialne :<\/strong><\/span><\/p>\n<p><strong><span style=\"color: #0000ff;\">Pilne obecnie Biuro Parafialne czynne tylko w \u015brody od godziny 16.00 &#8211; 17.00\u00a0 ! W pilnych sprawach prosz\u0119 dzwoni\u0107 502 389 701<\/span> <\/strong><\/p>\n<p>&nbsp;<\/p>\n<p><span style=\"color: #008000;\"><strong>Konto bankowe 75 1020 2212 0000 5902 0095 2721 tutaj mo\u017cemy wp\u0142aci\u0107 pieni\u0105dze<\/strong><\/span><\/p>\n<p><span style=\"color: #008000;\"><strong>z dopiskami na budow\u0119 plebanii, na renowacj\u0119 \u015bwi\u0119tego Floriana, na ko\u015bci\u00f3\u0142 Matki Bo\u017cej Cz\u0119stochowskiej.<\/strong><\/span><\/p>\n<p><span style=\"color: #008000;\"><strong>Za ofiarodawc\u00f3w modlimy si\u0119 w ka\u017cdej mszy \u015bwi\u0119tej<\/strong><\/span><\/p>\n<p><strong>parafia@florian-pleszew.pl<\/strong><\/p>\n<p>&nbsp;<\/p>\n","protected":false},"excerpt":{"rendered":"<p>ul.Kopernika 4 63-300 Pleszew tel. +48 62 742 15 14 czynny tylko w godzinach biura parafialnego\u00a0\u00a0 502 389701 Konto bankowe 75 1020 2212 0000 5902 0095 2721 tutaj mo\u017cemy wp\u0142aci\u0107 pieni\u0105dze Proboszcz: tel. kom. +48 502 389 701 Biuro parafialne : Pilne obecnie Biuro Parafialne czynne tylko w \u015brody od godziny 16.00 &#8211; 17.00\u00a0 !<a class=\"moretag\" href=\"https:\/\/florian-pleszew.pl\/?page_id=67\"><span class=\"screen-reader-text\">Wi\u0119cej oKontakt<\/span>[&#8230;]<\/a><\/p>\n","protected":false},"author":1,"featured_media":0,"parent":0,"menu_order":0,"comment_status":"closed","ping_status":"closed","template":"","meta":{"footnotes":""},"class_list":["post-67","page","type-page","status-publish","hentry"],"_links":{"self":[{"href":"https:\/\/florian-pleszew.pl\/index.php?rest_route=\/wp\/v2\/pages\/67","targetHints":{"allow":["GET"]}}],"collection":[{"href":"https:\/\/florian-pleszew.pl\/index.php?rest_route=\/wp\/v2\/pages"}],"about":[{"href":"https:\/\/florian-pleszew.pl\/index.php?rest_route=\/wp\/v2\/types\/page"}],"author":[{"embeddable":true,"href":"https:\/\/florian-pleszew.pl\/index.php?rest_route=\/wp\/v2\/users\/1"}],"replies":[{"embeddable":true,"href":"https:\/\/florian-pleszew.pl\/index.php?rest_route=%2Fwp%2Fv2%2Fcomments&post=67"}],"version-history":[{"count":19,"href":"https:\/\/florian-pleszew.pl\/index.php?rest_route=\/wp\/v2\/pages\/67\/revisions"}],"predecessor-version":[{"id":1151,"href":"https:\/\/florian-pleszew.pl\/index.php?rest_route=\/wp\/v2\/pages\/67\/revisions\/1151"}],"wp:attachment":[{"href":"https:\/\/florian-pleszew.pl\/index.php?rest_route=%2Fwp%2Fv2%2Fmedia&parent=67"}],"curies":[{"name":"wp","href":"https:\/\/api.w.org\/{rel}","templated":true}]}}