{"id":164,"date":"2018-08-02T09:04:30","date_gmt":"2018-08-02T07:04:30","guid":{"rendered":"http:\/\/florian-pleszew.pl\/?page_id=164"},"modified":"2019-02-25T10:33:48","modified_gmt":"2019-02-25T09:33:48","slug":"akcja-katolicka","status":"publish","type":"page","link":"https:\/\/florian-pleszew.pl\/?page_id=164","title":{"rendered":"Ch\u00f3r Parafialny"},"content":{"rendered":"\n<p style=\"text-align:center\">HISTORIA POWSTANIA CH\u00d3RU PARAFIALNEGO IM. \u015aW. JANA PAW\u0141A II            W PARAFII PW. \u015aW. FLORIANA W PLESZEWIE<\/p>\n\n\n\n<p>        Jak tylko powsta\u0142a parafia pw., \u015bw. Floriana, a by\u0142o to w lipcu 1953 roku, utworzony zosta\u0142 ch\u00f3r m\u0119ski &#8222;Harmonia&#8221;, pod batut\u0105 Stanis\u0142awa Furmankiewicza, ojca naszego kolegi ch\u00f3rzysty &#8211; Ryszarda.<\/p>\n\n\n\n<p>       Kontynuuj\u0105c \u015bpiew ch\u00f3ralny w 1986 roku, powsta\u0142 ch\u00f3r mieszany pod dyrygentur\u0105 Pani Danuty Michalskiej, kt\u00f3ry w roku 1997 zawiesi\u0142 swoj\u0105 dzia\u0142alno\u015b\u0107. W okresie, kiedy proboszczem parafii by\u0142 Ksi\u0105dz Kanonik Tadeusz Pietrzak (2005 &#8211; 2018), to w\u0142a\u015bnie z jego inicjatywy powsta\u0142 ch\u00f3r mieszany, opatrzony imieniem Papie\u017ca Jana Paw\u0142a II, a by\u0142 to pa\u017adziernik 2005 roku.<\/p>\n\n\n\n<p>Dyrygentem ch\u00f3ru jest Pani Bogumi\u0142a Janiak, prezesem Pan Henryk Szostak, sekretarzem Pani Franciszka Cierniak, skarbnikiem &#8211; Pani Janina \u0141ukaszewicz, a kronik\u0119 prowadzi Pani Anna Michalik. Na dzie\u0144 dzisiejszy nasz ch\u00f3r liczy 23 osoby. Mo\u017cna z pewno\u015bci\u0105 stwierdzi\u0107, \u017ce od zawsze w naszej parafii istnia\u0142y ch\u00f3ry, kt\u00f3re u\u015bwietnia\u0142y wszystkie uroczysto\u015bci ko\u015bcielne i nie tylko. Nasz ch\u00f3r jest zarejestrowany w Zwi\u0105zku Ch\u00f3r\u00f3w Ko\u015bcielnych Diecezji Kaliskiej, kt\u00f3rego prezesem jest      Ks. Kanonik dr Jacek Paczkowski.<\/p>\n\n\n\n<p style=\"text-align:center\"><strong>CZ\u0141ONKOWIE CH\u00d3RU<\/strong><\/p>\n\n\n\n<p><em>PANIE:<\/em><\/p>\n\n\n\n<p>Franciszka Cierniak, Anna Fabisiak, Teresa Grobys, Maria Jakubowska, Krystyna Lubecka, Janina \u0141ukaszewicz, Iwona Matysiak, Anna Michalik, Cecylia Strumpf, Jadwiga Zakrzewska, J\u00f3zefina Szostak,                              Halina Jankowska, Halina Klauza.<\/p>\n\n\n\n<p><em>PANOWIE:<\/em><\/p>\n\n\n\n<p>Andrzej  Ga\u0142ecki, Wac\u0142aw Jankowski, Kazimierz Korniluk,                      Zbigniew Nowaczyk, Florian Rorot, Henryk Szostak, Henryk Wojtala, Andrzej Zakrzewski (ojciec), Andrzej Zakrzewski (syn).<br><\/p>\n\n\n\n<p>Jeszcze kilka lat temu, nasz ch\u00f3r bra\u0142 udzia\u0142 w przegl\u0105dach ch\u00f3r\u00f3w ko\u015bcielnych naszej diecezji. By\u0142y to wyst\u0119py ch\u00f3r\u00f3w o charakterze kol\u0119dowym. W Okresie Bo\u017cego Narodzenia, ju\u017c od dziewi\u0119ciu lat, Burmistrz Miasta i Gminy Pleszew oraz miejscowy Dom Kultury organizuj\u0105 spotkanie ch\u00f3ralne wszystkich ch\u00f3r\u00f3w m\u0142odzie\u017cowych i starszych, z terenu Pleszewa. W tym roku takie wyst\u0119py odby\u0142y si\u0119 a Auli LO im. St. Staszica w Pleszewie, w dniu 31 stycznia. Nasz ch\u00f3r wzi\u0105\u0142 udzia\u0142 w tym przedsi\u0119wzi\u0119ciu, o czym pisa\u0142a lokalna prasa.My ch\u00f3rzy\u015bci jeste\u015bmy wdzi\u0119czni Bogu za to, \u017ce obdarzy\u0142 nas g\u0142osem i s\u0142uchem, \u017ce poprzez \u015bpiew mo\u017cemy oddawa\u0107 Mu cze\u015b\u0107.<\/p>\n\n\n\n<p>W tym roku w pa\u017adzierniku przypada 14. rocznica powstania ch\u00f3ru im. \u015bw. Jana Paw\u0142a II i naszym \u017cyczeniem jest, aby ch\u00f3r rozwija\u0142 si\u0119 jak najlepiej i jak najd\u0142u\u017cej.<\/p>\n\n\n\n<p style=\"text-align:center\">DRODZY PARAFIANIE!<\/p>\n\n\n\n<p>Bardzo serdecznie prosimy Was, wzbud\u017acie w swoim sercu ch\u0119\u0107 wst\u0105pienia w nasze szeregi. Potrzebne s\u0105 osoby w ka\u017cdym wieku i do ka\u017cdego g\u0142osu. Potrzeba nam wsparcia z Waszej strony, by\u015bmy mogli przetrwa\u0107 na dalsze lata. Pr\u00f3by odbywaj\u0105 si\u0119 w ka\u017cdy wtorek tygodnia na salce parafialnej, w godzinach 17.00 &#8211; 18.00. Jest takie po9lswkie przys\u0142owie: &#8222;kto \u015bpiewa, ten dwa razy si\u0119 modli&#8221;, a  w dzisiejszych czasach tej modlitwy nam bardzo potrzeba.<\/p>\n\n\n\n<p style=\"text-align:center\">SERDECZNIE ZAPRASZAMY! <\/p>\n\n\n\n<p><br><\/p>\n\n\n\n<blockquote class=\"wp-block-quote is-style-default is-layout-flow wp-block-quote-is-layout-flow\"><p><\/p><\/blockquote>\n","protected":false},"excerpt":{"rendered":"<p>HISTORIA POWSTANIA CH\u00d3RU PARAFIALNEGO IM. \u015aW. JANA PAW\u0141A II W PARAFII PW. \u015aW. FLORIANA W PLESZEWIE Jak tylko powsta\u0142a parafia pw., \u015bw. Floriana, a by\u0142o to w lipcu 1953 roku, utworzony zosta\u0142 ch\u00f3r m\u0119ski &#8222;Harmonia&#8221;, pod batut\u0105 Stanis\u0142awa Furmankiewicza, ojca naszego kolegi ch\u00f3rzysty &#8211; Ryszarda. Kontynuuj\u0105c \u015bpiew ch\u00f3ralny w 1986 roku, powsta\u0142 ch\u00f3r mieszany pod<a class=\"moretag\" href=\"https:\/\/florian-pleszew.pl\/?page_id=164\"><span class=\"screen-reader-text\">Wi\u0119cej oCh\u00f3r Parafialny<\/span>[&#8230;]<\/a><\/p>\n","protected":false},"author":1,"featured_media":0,"parent":82,"menu_order":0,"comment_status":"closed","ping_status":"closed","template":"","meta":{"footnotes":""},"class_list":["post-164","page","type-page","status-publish","hentry"],"_links":{"self":[{"href":"https:\/\/florian-pleszew.pl\/index.php?rest_route=\/wp\/v2\/pages\/164","targetHints":{"allow":["GET"]}}],"collection":[{"href":"https:\/\/florian-pleszew.pl\/index.php?rest_route=\/wp\/v2\/pages"}],"about":[{"href":"https:\/\/florian-pleszew.pl\/index.php?rest_route=\/wp\/v2\/types\/page"}],"author":[{"embeddable":true,"href":"https:\/\/florian-pleszew.pl\/index.php?rest_route=\/wp\/v2\/users\/1"}],"replies":[{"embeddable":true,"href":"https:\/\/florian-pleszew.pl\/index.php?rest_route=%2Fwp%2Fv2%2Fcomments&post=164"}],"version-history":[{"count":3,"href":"https:\/\/florian-pleszew.pl\/index.php?rest_route=\/wp\/v2\/pages\/164\/revisions"}],"predecessor-version":[{"id":378,"href":"https:\/\/florian-pleszew.pl\/index.php?rest_route=\/wp\/v2\/pages\/164\/revisions\/378"}],"up":[{"embeddable":true,"href":"https:\/\/florian-pleszew.pl\/index.php?rest_route=\/wp\/v2\/pages\/82"}],"wp:attachment":[{"href":"https:\/\/florian-pleszew.pl\/index.php?rest_route=%2Fwp%2Fv2%2Fmedia&parent=164"}],"curies":[{"name":"wp","href":"https:\/\/api.w.org\/{rel}","templated":true}]}}