{"id":162,"date":"2018-08-02T09:04:10","date_gmt":"2018-08-02T07:04:10","guid":{"rendered":"http:\/\/florian-pleszew.pl\/?page_id=162"},"modified":"2018-09-26T17:04:07","modified_gmt":"2018-09-26T15:04:07","slug":"wspolnota-wiara-i-swiatlo","status":"publish","type":"page","link":"https:\/\/florian-pleszew.pl\/?page_id=162","title":{"rendered":"Wsp\u00f3lnota Wiara i \u015awiat\u0142o"},"content":{"rendered":"<p><img loading=\"lazy\" decoding=\"async\" class=\"alignnone wp-image-229\" src=\"https:\/\/florian-pleszew.pl\/wp-content\/uploads\/2018\/09\/20180914_173748-225x300.jpg\" alt=\"\" width=\"384\" height=\"512\" srcset=\"https:\/\/florian-pleszew.pl\/wp-content\/uploads\/2018\/09\/20180914_173748-225x300.jpg 225w, https:\/\/florian-pleszew.pl\/wp-content\/uploads\/2018\/09\/20180914_173748-768x1024.jpg 768w\" sizes=\"auto, (max-width: 384px) 100vw, 384px\" \/> Ikona, kt\u00f3ra nawiedza rodziny Wsp\u00f3lnoty Wiara i \u015bwiat\u0142o.<\/p>\n<p>Wsp\u00f3lnota &#8222;Wiara i \u015bwiat\u0142o&#8221;przy parafii \u015bw. Floriana w Pleszewie powsta\u0142a dzi\u0119ki \u017cyczliwo\u015bci \u015bp. Ksi\u0119dza Kanonika J\u00f3zefa Macio\u0142ka w dniu 5 grudnia 1992 roku.<\/p>\n<p>Wsp\u00f3lnota &#8222;Wiara i \u015bwiat\u0142o&#8221; jest ruchem o zasi\u0119gu mi\u0119dzynarodowym. Zrodzi\u0142 si\u0119 on podczas pielgrzymki do Lourdes w 1971 roku, kt\u00f3r\u0105 zorganizowali Marie Helene Mathien i Jean Vanier. Jej dzia\u0142alno\u015b\u0107 opiera si\u0119 na Karcie i w Konstytucji &#8222;Wiara i \u015bwiat\u0142o&#8221;.<\/p>\n<p>W Polsce pierwsze wsp\u00f3lnoty powsta\u0142y w 1978 roku w Warszawie i we Wroc\u0142awiu. W centrum tych wsp\u00f3lnot znajduj\u0105 si\u0119 osoby upo\u015bledzone umys\u0142owo w r\u00f3\u017cnym stopniu: dzieci, m\u0142odzie\u017c, osoby doros\u0142e otoczone przez swoje rodziny i przyjaci\u00f3\u0142.<\/p>\n<p>Wsp\u00f3lnota jest wspierana duchowo przez kapelana, kt\u00f3ry pomaga \u017cy\u0107 zgodnie ze s\u0142owem Ewangelii, w modlitwie i Eucharystii.<\/p>\n<p>Wsp\u00f3lnot\u0105 kieruje koordynator wybierany na 3 lata. Cz\u0142onkowie wsp\u00f3lnoty spotykaj\u0105 si\u0119 na Eucharystii &#8211; jeden raz w miesi\u0105cu. Po Mszy \u015bw. w salce przy plebanii odbywa si\u0119 spotkanie &#8211; \u015bwi\u0119towanie, imieniny, wymiana informacji organizacyjnych, wsp\u00f3lna modlitwa. W ten spos\u00f3b staramy si\u0119 by\u0107 razem. Z wiernej przyja\u017ani rodzi si\u0119 rado\u015b\u0107, kt\u00f3ra pomaga znosi\u0107 trudy dnia codziennego, zwi\u0105zanego z problemami\u00a0 opieki nad naszymi chorymi dzie\u0107mi.<\/p>\n<p>Nasza Wsp\u00f3lnota jest ma\u0142\u0105 cz\u0105stk\u0105 intensywnie \u017cyj\u0105cego Ruchu &#8222;Wiara i \u015awiat\u0142o&#8221;. Uczestniczymy w spotkaniach z innymi wsp\u00f3lnotami, rekolekcjach, sesjach formacyjnych, dniach skupienia, pielgrzymkach, jubileuszach, spotkaniach op\u0142atkowych, \u015bwiate\u0142ku karnawa\u0142owym, itp. Corocznie organizowane s\u0105 obozy letnie. Ostatni odby\u0142 si\u0119 w lipcu w Mi\u0119dzyzdrojach.<\/p>\n<p>Przedstawiciele Wsp\u00f3lnoty brali udzia\u0142 w \u015bwiatowym spotkaniu &#8222;Wiaro\u015bwietlanych Rodzin&#8221; w Warszawie w dniach 23 &#8211; 24 lipca 1994 roku.<\/p>\n<p>W obchodach \u015bwiatowego jubileuszu 30 &#8211; lecia istnienia &#8222;Wiary i \u015awiat\u0142a&#8221;, kt\u00f3re odby\u0142o si\u0119 w Lourdes w okresie Wielkanocy 2001 roku, uczestniczy\u0142a 9 &#8211; osobowa delegacja z naszej Wsp\u00f3lnoty.<\/p>\n<p>W lutym 2018 roku Wsp\u00f3lnota \u015bwi\u0119towa\u0142a swoje 25 &#8211; lecie. W tym okresie kapelanami byli:<\/p>\n<ul>\n<li>\u015bp. Ks. Marek Kulawinek<\/li>\n<li>Ks. Jacek Bochniak<\/li>\n<li>Ks. Piotr Staszak<\/li>\n<li>Ks. Tomasz Ma\u0142uszek<\/li>\n<li>Ks. Tomasz Kubiak<\/li>\n<li>Ks. Dawid Wulbach<\/li>\n<li>Ks. Mateusz Klaczy\u0144ski<\/li>\n<li><strong>Obecnie: Ks. Kanonik Krzysztof Guzia\u0142ek &#8211; proboszcz parafii.<\/strong><\/li>\n<\/ul>\n<p>Koordynatorami Wsp\u00f3lnoty byli:<\/p>\n<ul>\n<li>Ewa D\u0105bkiewicz &#8211; Wo\u017aniak<\/li>\n<li>Agnieszka Majewska<\/li>\n<li>Justyna Adamkiewicz &#8211; Andrzejczak<\/li>\n<li>Daria Wo\u017aniak<\/li>\n<li>Halina D\u0105bkiewicz<\/li>\n<li>Tomasz Krakowski<\/li>\n<li>Micha\u0142 Str\u00f3\u017cyk<\/li>\n<li>Ewa M\u0105drecka &#8211; Gembalska<\/li>\n<li>Anna Rutkowska<\/li>\n<li><strong>Obecnie, od marca 2018 roku: Danuta Kruszewska.<\/strong><\/li>\n<\/ul>\n","protected":false},"excerpt":{"rendered":"<p>Ikona, kt\u00f3ra nawiedza rodziny Wsp\u00f3lnoty Wiara i \u015bwiat\u0142o. Wsp\u00f3lnota &#8222;Wiara i \u015bwiat\u0142o&#8221;przy parafii \u015bw. Floriana w Pleszewie powsta\u0142a dzi\u0119ki \u017cyczliwo\u015bci \u015bp. Ksi\u0119dza Kanonika J\u00f3zefa Macio\u0142ka w dniu 5 grudnia 1992 roku. Wsp\u00f3lnota &#8222;Wiara i \u015bwiat\u0142o&#8221; jest ruchem o zasi\u0119gu mi\u0119dzynarodowym. Zrodzi\u0142 si\u0119 on podczas pielgrzymki do Lourdes w 1971 roku, kt\u00f3r\u0105 zorganizowali Marie Helene Mathien<a class=\"moretag\" href=\"https:\/\/florian-pleszew.pl\/?page_id=162\"><span class=\"screen-reader-text\">Wi\u0119cej oWsp\u00f3lnota Wiara i \u015awiat\u0142o<\/span>[&#8230;]<\/a><\/p>\n","protected":false},"author":1,"featured_media":0,"parent":82,"menu_order":0,"comment_status":"closed","ping_status":"closed","template":"","meta":{"footnotes":""},"class_list":["post-162","page","type-page","status-publish","hentry"],"_links":{"self":[{"href":"https:\/\/florian-pleszew.pl\/index.php?rest_route=\/wp\/v2\/pages\/162","targetHints":{"allow":["GET"]}}],"collection":[{"href":"https:\/\/florian-pleszew.pl\/index.php?rest_route=\/wp\/v2\/pages"}],"about":[{"href":"https:\/\/florian-pleszew.pl\/index.php?rest_route=\/wp\/v2\/types\/page"}],"author":[{"embeddable":true,"href":"https:\/\/florian-pleszew.pl\/index.php?rest_route=\/wp\/v2\/users\/1"}],"replies":[{"embeddable":true,"href":"https:\/\/florian-pleszew.pl\/index.php?rest_route=%2Fwp%2Fv2%2Fcomments&post=162"}],"version-history":[{"count":6,"href":"https:\/\/florian-pleszew.pl\/index.php?rest_route=\/wp\/v2\/pages\/162\/revisions"}],"predecessor-version":[{"id":245,"href":"https:\/\/florian-pleszew.pl\/index.php?rest_route=\/wp\/v2\/pages\/162\/revisions\/245"}],"up":[{"embeddable":true,"href":"https:\/\/florian-pleszew.pl\/index.php?rest_route=\/wp\/v2\/pages\/82"}],"wp:attachment":[{"href":"https:\/\/florian-pleszew.pl\/index.php?rest_route=%2Fwp%2Fv2%2Fmedia&parent=162"}],"curies":[{"name":"wp","href":"https:\/\/api.w.org\/{rel}","templated":true}]}}