{"id":108,"date":"2018-08-01T09:06:07","date_gmt":"2018-08-01T07:06:07","guid":{"rendered":"http:\/\/florian-pleszew.pl\/?page_id=108"},"modified":"2018-08-02T09:31:43","modified_gmt":"2018-08-02T07:31:43","slug":"rada-parafialna","status":"publish","type":"page","link":"https:\/\/florian-pleszew.pl\/?page_id=108","title":{"rendered":"Rada Parafialna"},"content":{"rendered":"<p>Rada parafialna jest wsp\u00f3lnot\u0105 ludzi jednej wiary, zespolonych mi\u0142o\u015bci\u0105 Chrystusow\u0105 i nadziej\u0105, stawiaj\u0105cych sobie za cel rozw\u00f3j Ko\u015bcio\u0142a katolickiego, chrze\u015bcija\u0144sk\u0105 formacj\u0119 w\u0142asnej osobowo\u015bci jak i swoich rodzin oraz podejmowanie dzia\u0142alno\u015bci ewangelizacyjnej w\u015br\u00f3d og\u00f3\u0142u parafian. Rada parafialna obejmuje swoj\u0105 dzia\u0142alno\u015bci\u0105 ca\u0142o\u015b\u0107 \u017cycia parafialnego, nios\u0105c pomoc w wype\u0142nianiu misji Ko\u015bcio\u0142a.<\/p>\n<div><\/div>\n<div>\u00a0 \u00a0 Wytyczony cel rada parafialna realizuje poprzez modlitw\u0119, \u0107wiczenia duchowe, dobre uczynki, osobist\u0105 prac\u0119 \u015bwiadczon\u0105 dla wsp\u00f3lnego dobra oraz szerzenie wiedzy i kultury chrze\u015bcija\u0144skiej. Wszystkie kierunki dzia\u0142alno\u015bci rady parafialnej maj\u0105 za zadanie rozwijanie chrze\u015bcija\u0144skiego \u017cycia, niesienie bezinteresownej pomocy duchowej i materialnej oraz u\u015bwi\u0119cenie pracy ludzkiej.<\/div>\n<div><\/div>\n<div>\u00a0 \u00a0 Rada parafialna jest gremium doradczym proboszcza we wszystkich sprawach parafii (Kodeks Prawa Kanonicznego, kan. 536 \u00a7 2), nie jest organem w\u0142adzy i nie ma osobowo\u015bci prawnej.<\/div>\n<div><\/div>\n<div>\u00a0 \u00a0 Cz\u0142onkowie wybierani s\u0105 na kilkuletni\u0105 kadencje.<\/div>\n","protected":false},"excerpt":{"rendered":"<p>Rada parafialna jest wsp\u00f3lnot\u0105 ludzi jednej wiary, zespolonych mi\u0142o\u015bci\u0105 Chrystusow\u0105 i nadziej\u0105, stawiaj\u0105cych sobie za cel rozw\u00f3j Ko\u015bcio\u0142a katolickiego, chrze\u015bcija\u0144sk\u0105 formacj\u0119 w\u0142asnej osobowo\u015bci jak i swoich rodzin oraz podejmowanie dzia\u0142alno\u015bci ewangelizacyjnej w\u015br\u00f3d og\u00f3\u0142u parafian. Rada parafialna obejmuje swoj\u0105 dzia\u0142alno\u015bci\u0105 ca\u0142o\u015b\u0107 \u017cycia parafialnego, nios\u0105c pomoc w wype\u0142nianiu misji Ko\u015bcio\u0142a. \u00a0 \u00a0 Wytyczony cel rada parafialna realizuje<a class=\"moretag\" href=\"https:\/\/florian-pleszew.pl\/?page_id=108\"><span class=\"screen-reader-text\">Wi\u0119cej oRada Parafialna<\/span>[&#8230;]<\/a><\/p>\n","protected":false},"author":1,"featured_media":0,"parent":82,"menu_order":0,"comment_status":"closed","ping_status":"closed","template":"","meta":{"footnotes":""},"class_list":["post-108","page","type-page","status-publish","hentry"],"_links":{"self":[{"href":"https:\/\/florian-pleszew.pl\/index.php?rest_route=\/wp\/v2\/pages\/108","targetHints":{"allow":["GET"]}}],"collection":[{"href":"https:\/\/florian-pleszew.pl\/index.php?rest_route=\/wp\/v2\/pages"}],"about":[{"href":"https:\/\/florian-pleszew.pl\/index.php?rest_route=\/wp\/v2\/types\/page"}],"author":[{"embeddable":true,"href":"https:\/\/florian-pleszew.pl\/index.php?rest_route=\/wp\/v2\/users\/1"}],"replies":[{"embeddable":true,"href":"https:\/\/florian-pleszew.pl\/index.php?rest_route=%2Fwp%2Fv2%2Fcomments&post=108"}],"version-history":[{"count":2,"href":"https:\/\/florian-pleszew.pl\/index.php?rest_route=\/wp\/v2\/pages\/108\/revisions"}],"predecessor-version":[{"id":179,"href":"https:\/\/florian-pleszew.pl\/index.php?rest_route=\/wp\/v2\/pages\/108\/revisions\/179"}],"up":[{"embeddable":true,"href":"https:\/\/florian-pleszew.pl\/index.php?rest_route=\/wp\/v2\/pages\/82"}],"wp:attachment":[{"href":"https:\/\/florian-pleszew.pl\/index.php?rest_route=%2Fwp%2Fv2%2Fmedia&parent=108"}],"curies":[{"name":"wp","href":"https:\/\/api.w.org\/{rel}","templated":true}]}}